{"id":378,"date":"2024-07-03T11:19:41","date_gmt":"2024-07-03T11:19:41","guid":{"rendered":"https:\/\/catedraris3.webs.upv.es\/?page_id=378"},"modified":"2024-09-20T07:45:41","modified_gmt":"2024-09-20T07:45:41","slug":"recursos","status":"publish","type":"page","link":"https:\/\/catedraris3.webs.upv.es\/en\/recursos\/","title":{"rendered":"Resources"},"content":{"rendered":"<div data-colibri-id=\"378-c1\" class=\"style-518 style-local-378-c1 position-relative\">\n  <!---->\n  <div data-colibri-component=\"section\" data-colibri-id=\"378-c2\" id=\"reusable-sections\" class=\"h-section h-section-global-spacing d-flex align-items-lg-center align-items-md-center align-items-center style-519 style-local-378-c2 position-relative\">\n    <!---->\n    <!---->\n    <div class=\"h-section-grid-container h-section-boxed-container\">\n      <!---->\n      <div data-colibri-id=\"378-c3\" class=\"h-row-container gutters-row-lg-1 gutters-row-md-1 gutters-row-2 gutters-row-v-lg-1 gutters-row-v-md-1 gutters-row-v-2 style-520 style-local-378-c3 position-relative\">\n        <!---->\n        <div class=\"h-row justify-content-lg-center justify-content-md-center justify-content-center align-items-lg-stretch align-items-md-stretch align-items-stretch gutters-col-lg-1 gutters-col-md-1 gutters-col-2 gutters-col-v-lg-1 gutters-col-v-md-1 gutters-col-v-2\">\n          <!---->\n          <div class=\"h-column h-column-container d-flex h-col-lg-12 h-col-md-12 h-col-12 style-521-outer style-local-378-c4-outer\">\n            <div data-colibri-id=\"378-c4\" class=\"d-flex h-flex-basis h-column__inner h-px-lg-3 h-px-md-3 h-px-2 v-inner-lg-3 v-inner-md-3 v-inner-2 style-521 style-local-378-c4 position-relative\">\n              <!---->\n              <!---->\n              <div class=\"w-100 h-y-container h-column__content h-column__v-align flex-basis-100 align-self-lg-start align-self-md-start align-self-start\">\n                <!---->\n                <div data-colibri-id=\"378-c5\" class=\"h-global-transition-all h-heading style-522 style-local-378-c5 position-relative h-element\">\n                  <!---->\n                  <div class=\"h-heading__outer style-522 style-local-378-c5\">\n                    <!---->\n                    <!---->\n                    <h3 class=\"\">RECURSOS<\/h3>\n                  <\/div>\n                <\/div>\n              <\/div>\n            <\/div>\n          <\/div>\n        <\/div>\n      <\/div>\n    <\/div>\n  <\/div>\n  <div data-colibri-component=\"section\" data-colibri-id=\"378-c6\" id=\"reusable-sections-3\" class=\"h-section h-section-global-spacing d-flex align-items-lg-center align-items-md-center align-items-center style-559 style-local-378-c6 position-relative\">\n    <!---->\n    <!---->\n    <div class=\"h-section-grid-container h-section-boxed-container\">\n      <!---->\n      <div data-colibri-id=\"378-c7\" class=\"h-row-container gutters-row-lg-1 gutters-row-md-1 gutters-row-2 gutters-row-v-lg-1 gutters-row-v-md-1 gutters-row-v-2 style-560 style-local-378-c7 position-relative\">\n        <!---->\n        <div class=\"h-row justify-content-lg-center justify-content-md-center justify-content-center align-items-lg-stretch align-items-md-stretch align-items-stretch gutters-col-lg-1 gutters-col-md-1 gutters-col-2 gutters-col-v-lg-1 gutters-col-v-md-1 gutters-col-v-2\">\n          <!---->\n          <div class=\"h-column h-column-container d-flex h-col-lg-12 h-col-md-12 h-col-12 style-561-outer style-local-378-c8-outer\">\n            <div data-colibri-id=\"378-c8\" class=\"d-flex h-flex-basis h-column__inner h-px-lg-3 h-px-md-3 h-px-2 v-inner-lg-3 v-inner-md-3 v-inner-2 style-561 style-local-378-c8 position-relative\">\n              <!---->\n              <!---->\n              <div class=\"w-100 h-y-container h-column__content h-column__v-align flex-basis-100 align-self-lg-start align-self-md-start align-self-start\">\n                <!---->\n                <div data-colibri-id=\"378-c9\" class=\"h-global-transition-all h-heading style-562 style-local-378-c9 position-relative h-element\">\n                  <!---->\n                  <div class=\"h-heading__outer style-562 style-local-378-c9\">\n                    <!---->\n                    <!---->\n                    <h4 class=\"\">Links sobre especializaci\u00f3n inteligente<\/h4>\n                  <\/div>\n                <\/div>\n              <\/div>\n            <\/div>\n          <\/div>\n          <div class=\"h-column h-column-container d-flex h-col-lg-12 h-col-md-12 h-col-12 style-563-outer style-local-378-c10-outer\">\n            <div data-colibri-id=\"378-c10\" class=\"d-flex h-flex-basis h-column__inner h-px-lg-1 h-px-md-1 h-px-1 v-inner-lg-1 v-inner-md-1 v-inner-1 style-563 style-local-378-c10 position-relative\">\n              <!---->\n              <!---->\n              <div class=\"w-100 h-y-container h-column__content h-column__v-align flex-basis-100 align-self-lg-start align-self-md-start align-self-start\">\n                <!---->\n                <div data-colibri-id=\"378-c11\" class=\"h-x-container style-564 style-local-378-c11 position-relative h-element\">\n                  <!---->\n                  <div class=\"h-x-container-inner style-dynamic-378-c11-group style-564-spacing style-local-378-c11-spacing\"><span class=\"h-link__outer style-565-outer style-local-378-c12-outer d-inline-flex h-element\"><a h-use-smooth-scroll=\"true\" href=\"https:\/\/kohesio.ec.europa.eu\/en\/services\"  data-colibri-id=\"378-c12\" class=\"d-flex w-100 align-items-center h-link style-565 style-local-378-c12 position-relative\"><!----><!----> <span>KOHESIO: Directorio de Proyectos Europeos 2014 2020<\/span><\/a>\n                    <\/span>\n                  <\/div>\n                <\/div>\n              <\/div>\n            <\/div>\n          <\/div>\n          <div class=\"h-column h-column-container d-flex h-col-lg-12 h-col-md-12 h-col-12 style-580-outer style-local-378-c13-outer\">\n            <div data-colibri-id=\"378-c13\" class=\"d-flex h-flex-basis h-column__inner h-px-lg-1 h-px-md-1 h-px-1 v-inner-lg-1 v-inner-md-1 v-inner-1 style-580 style-local-378-c13 position-relative\">\n              <!---->\n              <!---->\n              <div class=\"w-100 h-y-container h-column__content h-column__v-align flex-basis-100 align-self-lg-start align-self-md-start align-self-start\">\n                <!---->\n                <div data-colibri-id=\"378-c14\" class=\"h-x-container style-582 style-local-378-c14 position-relative h-element\">\n                  <!---->\n                  <div class=\"h-x-container-inner style-dynamic-378-c14-group style-582-spacing style-local-378-c14-spacing\"><span class=\"h-link__outer style-583-outer style-local-378-c15-outer d-inline-flex h-element\"><a h-use-smooth-scroll=\"true\" href=\"https:\/\/www.aei.gob.es\/fondos-europeos\/fondos-feder\"  data-colibri-id=\"378-c15\" class=\"d-flex w-100 align-items-center h-link style-583 style-local-378-c15 position-relative\"><!----><!----> <span>Proyectos de la Agencia Estatal de Investigaci\u00f3n (AEI) con fondos FEDER<\/span><\/a>\n                    <\/span>\n                  <\/div>\n                <\/div>\n              <\/div>\n            <\/div>\n          <\/div>\n          <div class=\"h-column h-column-container d-flex h-col-lg-12 h-col-md-12 h-col-12 style-573-outer style-local-378-c16-outer\">\n            <div data-colibri-id=\"378-c16\" class=\"d-flex h-flex-basis h-column__inner h-px-lg-1 h-px-md-1 h-px-1 v-inner-lg-1 v-inner-md-1 v-inner-1 style-573 style-local-378-c16 position-relative\">\n              <!---->\n              <!---->\n              <div class=\"w-100 h-y-container h-column__content h-column__v-align flex-basis-100 align-self-lg-start align-self-md-start align-self-start\">\n                <!---->\n                <div data-colibri-id=\"378-c17\" class=\"h-x-container style-574 style-local-378-c17 position-relative h-element\">\n                  <!---->\n                  <div class=\"h-x-container-inner style-dynamic-378-c17-group style-574-spacing style-local-378-c17-spacing\"><span class=\"h-link__outer style-575-outer style-local-378-c18-outer d-inline-flex h-element\"><a h-use-smooth-scroll=\"true\" href=\"https:\/\/ec.europa.eu\/regional_policy\/in-your-country\/programmes\/2014-2020\/es\/2014es16rfop013_es\"  data-colibri-id=\"378-c18\" class=\"d-flex w-100 align-items-center h-link style-575 style-local-378-c18 position-relative\"><!----><!----> <span>Programa Operativo de la Comunidad Valenciana FEDER<\/span><\/a>\n                    <\/span>\n                  <\/div>\n                <\/div>\n              <\/div>\n            <\/div>\n          <\/div>\n          <div class=\"h-column h-column-container d-flex h-col-lg-12 h-col-md-12 h-col-12 style-581-outer style-local-378-c19-outer\">\n            <div data-colibri-id=\"378-c19\" class=\"d-flex h-flex-basis h-column__inner h-px-lg-1 h-px-md-1 h-px-1 v-inner-lg-1 v-inner-md-1 v-inner-1 style-581 style-local-378-c19 position-relative\">\n              <!---->\n              <!---->\n              <div class=\"w-100 h-y-container h-column__content h-column__v-align flex-basis-100 align-self-lg-start align-self-md-start align-self-start\">\n                <!---->\n                <div data-colibri-id=\"378-c20\" class=\"h-x-container style-584 style-local-378-c20 position-relative h-element\">\n                  <!---->\n                  <div class=\"h-x-container-inner style-dynamic-378-c20-group style-584-spacing style-local-378-c20-spacing\"><span class=\"h-link__outer style-585-outer style-local-378-c21-outer d-inline-flex h-element\"><a h-use-smooth-scroll=\"true\" href=\"https:\/\/ris3cv.gva.es\/es\/que-es-ris3\"  data-colibri-id=\"378-c21\" class=\"d-flex w-100 align-items-center h-link style-585 style-local-378-c21 position-relative\"><!----><!----> <span>Estrategia de Especializaci\u00f3n Inteligente en Investigaci\u00f3n e Innovaci\u00f3n (RIS3) en la Generalitat Valenciana<\/span><\/a>\n                    <\/span>\n                  <\/div>\n                <\/div>\n              <\/div>\n            <\/div>\n          <\/div>\n          <div class=\"h-column h-column-container d-flex h-col-lg-12 h-col-md-12 h-col-12 style-577-outer style-local-378-c22-outer\">\n            <div data-colibri-id=\"378-c22\" class=\"d-flex h-flex-basis h-column__inner h-px-lg-1 h-px-md-1 h-px-1 v-inner-lg-1 v-inner-md-1 v-inner-1 style-577 style-local-378-c22 position-relative\">\n              <!---->\n              <!---->\n              <div class=\"w-100 h-y-container h-column__content h-column__v-align flex-basis-100 align-self-lg-start align-self-md-start align-self-start\">\n                <!---->\n                <div data-colibri-id=\"378-c23\" class=\"h-x-container style-578 style-local-378-c23 position-relative h-element\">\n                  <!---->\n                  <div class=\"h-x-container-inner style-dynamic-378-c23-group style-578-spacing style-local-378-c23-spacing\"><span class=\"h-link__outer style-579-outer style-local-378-c24-outer d-inline-flex h-element\"><a h-use-smooth-scroll=\"true\" href=\"https:\/\/s3platform.jrc.ec.europa.eu\/home\"  data-colibri-id=\"378-c24\" class=\"d-flex w-100 align-items-center h-link style-579 style-local-378-c24 position-relative\"><!----><!----> <span>Plataforma de Especializaci\u00f3n Inteligente de la Uni\u00f3n Europea<\/span><\/a>\n                    <\/span>\n                  <\/div>\n                <\/div>\n              <\/div>\n            <\/div>\n          <\/div>\n        <\/div>\n      <\/div>\n    <\/div>\n  <\/div>\n  <div data-colibri-component=\"section\" data-colibri-id=\"378-c25\" id=\"reusable-sections-2\" class=\"h-section h-section-global-spacing d-flex align-items-lg-center align-items-md-center align-items-center style-523 style-local-378-c25 position-relative\">\n    <!---->\n    <!---->\n    <div class=\"h-section-grid-container h-section-boxed-container\">\n      <!---->\n      <div data-colibri-id=\"378-c26\" class=\"h-row-container gutters-row-lg-2 gutters-row-md-2 gutters-row-0 gutters-row-v-lg-2 gutters-row-v-md-2 gutters-row-v-2 style-524 style-local-378-c26 position-relative\">\n        <!---->\n        <div class=\"h-row justify-content-lg-center justify-content-md-center justify-content-center align-items-lg-stretch align-items-md-stretch align-items-stretch gutters-col-lg-2 gutters-col-md-2 gutters-col-0 gutters-col-v-lg-2 gutters-col-v-md-2 gutters-col-v-2\">\n          <!---->\n          <div class=\"h-column h-column-container d-flex h-col-lg-auto h-col-md-auto h-col-auto style-525-outer style-local-378-c27-outer\">\n            <div data-colibri-id=\"378-c27\" class=\"d-flex h-flex-basis h-column__inner h-px-lg-2 h-px-md-2 h-px-2 v-inner-lg-2 v-inner-md-2 v-inner-2 style-525 style-local-378-c27 position-relative\">\n              <!---->\n              <!---->\n              <div class=\"w-100 h-y-container h-column__content h-column__v-align flex-basis-100 align-self-lg-start align-self-md-start align-self-start\">\n                <!---->\n                <div data-colibri-id=\"378-c28\" class=\"h-global-transition-all h-heading style-526 style-local-378-c28 position-relative h-element\">\n                  <!---->\n                  <div class=\"h-heading__outer style-526 style-local-378-c28\">\n                    <!---->\n                    <!---->\n                    <h4 class=\"\">Contacto<\/h4>\n                  <\/div>\n                <\/div>\n                <div data-colibri-id=\"378-c29\" class=\"h-text h-text-component style-527 style-local-378-c29 position-relative h-element\">\n                  <!---->\n                  <!---->\n                  <div class=\"\">\n                    <p>Pedro Marques<\/p>\n                  <\/div>\n                <\/div>\n                <div data-colibri-id=\"378-c30\" class=\"h-text h-text-component style-528 style-local-378-c30 position-relative h-element\">\n                  <!---->\n                  <!---->\n                  <div class=\"\">\n                    <p>p.marques@ingenio.upv.es<\/p>\n                  <\/div>\n                <\/div>\n                <div data-colibri-id=\"378-c31\" class=\"h-text h-text-component style-529 style-local-378-c31 position-relative h-element\">\n                  <!---->\n                  <!---->\n                  <div class=\"\">\n                    <p>INGENIO [CSIC-UPV]<\/p>\n                  <\/div>\n                <\/div>\n                <div data-colibri-id=\"378-c32\" class=\"h-text h-text-component style-530 style-local-378-c32 position-relative h-element\">\n                  <!---->\n                  <!---->\n                  <div class=\"\">\n                    <p>Edifici 8E, acc. J, 4\u00aa planta<\/p>\n                    <p>Ciutat Polit\u00e8cnica de la Innovaci\u00f3 (CPI)<\/p>\n                    <p>Universitat Polit\u00e8cnica de Val\u00e8ncia<\/p>\n                    <p>Cam\u00ed de Vera, s\/n<\/p>\n                    <p>46022 VAL\u00c8NCIA<\/p>\n                    <p>+34 963 877 048<\/p>\n                  <\/div>\n                <\/div>\n                <div data-colibri-id=\"378-c33\" class=\"h-row-container gutters-row-lg-1 gutters-row-md-1 gutters-row-0 gutters-row-v-lg-1 gutters-row-v-md-1 gutters-row-v-1 style-531 style-local-378-c33 position-relative\">\n                  <!---->\n                  <div class=\"h-row justify-content-lg-start justify-content-md-start justify-content-start align-items-lg-stretch align-items-md-stretch align-items-stretch gutters-col-lg-1 gutters-col-md-1 gutters-col-0 gutters-col-v-lg-1 gutters-col-v-md-1 gutters-col-v-1\">\n                    <!---->\n                    <div class=\"h-column h-column-container d-flex h-col-lg-auto h-col-md-auto h-col-auto style-532-outer style-local-378-c34-outer\">\n                      <div data-colibri-id=\"378-c34\" class=\"d-flex h-flex-basis h-column__inner h-px-lg-1 h-px-md-1 h-px-1 v-inner-lg-1 v-inner-md-1 v-inner-1 style-532 style-local-378-c34 position-relative\">\n                        <!---->\n                        <!---->\n                        <div class=\"w-100 h-y-container h-column__content h-column__v-align flex-basis-100 align-self-lg-start align-self-md-start align-self-start\">\n                          <!---->\n                          <div data-colibri-id=\"378-c35\" class=\"d-block style-533 style-local-378-c35 position-relative h-element\">\n                            <!---->\n                            <div class=\"h-image__frame-container-outer\">\n                              <div class=\"h-image__frame-container\">\n                                <!---->\n                                <!---->\n                                <img loading=\"lazy\" decoding=\"async\" width=\"1031\" height=\"333\" src=\"https:\/\/catedraris3.webs.upv.es\/wp-content\/uploads\/2024\/07\/ingenio.png\" class=\"wp-image-30 style-533-image style-local-378-c35-image\" alt=\"\" srcset=\"https:\/\/catedraris3.webs.upv.es\/wp-content\/uploads\/2024\/07\/ingenio.png 1031w, https:\/\/catedraris3.webs.upv.es\/wp-content\/uploads\/2024\/07\/ingenio-300x97.png 300w, https:\/\/catedraris3.webs.upv.es\/wp-content\/uploads\/2024\/07\/ingenio-1024x331.png 1024w, https:\/\/catedraris3.webs.upv.es\/wp-content\/uploads\/2024\/07\/ingenio-768x248.png 768w\" sizes=\"auto, (max-width: 1031px) 100vw, 1031px\" \/>\n                                <div class=\"h-image__frame h-hide-lg h-hide-md h-hide-sm style-533-frameImage style-local-378-c35-frameImage\"><\/div>\n                              <\/div>\n                            <\/div>\n                          <\/div>\n                        <\/div>\n                      <\/div>\n                    <\/div>\n                    <div class=\"h-column h-column-container d-flex h-col-lg-auto h-col-md-auto h-col-auto style-534-outer style-local-378-c36-outer\">\n                      <div data-colibri-id=\"378-c36\" class=\"d-flex h-flex-basis h-column__inner h-ui-empty-state-container h-px-lg-1 h-px-md-1 h-px-1 v-inner-lg-1 v-inner-md-1 v-inner-1 style-534 style-local-378-c36 position-relative\">\n                        <!---->\n                        <!---->\n                        <div class=\"w-100 h-y-container h-column__content h-column__v-align flex-basis-100\">\n                          <!---->\n                        <\/div>\n                      <\/div>\n                    <\/div>\n                  <\/div>\n                <\/div>\n              <\/div>\n            <\/div>\n          <\/div>\n          <div class=\"h-column h-column-container d-flex h-col-lg-auto h-col-md-auto h-col-auto style-535-outer style-local-378-c37-outer\">\n            <div data-colibri-id=\"378-c37\" class=\"d-flex h-flex-basis h-column__inner h-px-lg-2 h-px-md-2 h-px-2 v-inner-lg-2 v-inner-md-2 v-inner-2 style-535 style-local-378-c37 position-relative\">\n              <!---->\n              <!---->\n              <div class=\"w-100 h-y-container h-column__content h-column__v-align flex-basis-100 align-self-lg-start align-self-md-start align-self-start\">\n                <!---->\n                <div data-colibri-id=\"378-c38\" class=\"h-global-transition-all h-heading style-536 style-local-378-c38 position-relative h-element\">\n                  <!---->\n                  <div class=\"h-heading__outer style-536 style-local-378-c38\">\n                    <!---->\n                    <!---->\n                    <h4 class=\"\">C\u00e1tedra financiada por<\/h4>\n                  <\/div>\n                <\/div>\n                <div data-colibri-id=\"378-c39\" class=\"h-row-container gutters-row-lg-1 gutters-row-md-1 gutters-row-0 gutters-row-v-lg-1 gutters-row-v-md-1 gutters-row-v-1 style-537 style-local-378-c39 position-relative\">\n                  <!---->\n                  <div class=\"h-row justify-content-lg-start justify-content-md-start justify-content-start align-items-lg-stretch align-items-md-stretch align-items-stretch gutters-col-lg-1 gutters-col-md-1 gutters-col-0 gutters-col-v-lg-1 gutters-col-v-md-1 gutters-col-v-1\">\n                    <!---->\n                    <div class=\"h-column h-column-container d-flex h-col-lg-auto h-col-md-auto h-col-auto style-538-outer style-local-378-c40-outer\">\n                      <div data-colibri-id=\"378-c40\" class=\"d-flex h-flex-basis h-column__inner h-px-lg-1 h-px-md-1 h-px-1 v-inner-lg-1 v-inner-md-1 v-inner-1 style-538 style-local-378-c40 position-relative\">\n                        <!---->\n                        <!---->\n                        <div class=\"w-100 h-y-container h-column__content h-column__v-align flex-basis-100 align-self-lg-start align-self-md-start align-self-start\">\n                          <!---->\n                          <div data-colibri-id=\"378-c41\" class=\"d-block style-539 style-local-378-c41 position-relative h-element\">\n                            <!---->\n                            <div class=\"h-image__frame-container-outer\">\n                              <div class=\"h-image__frame-container\">\n                                <!---->\n                                <!---->\n                                <img loading=\"lazy\" decoding=\"async\" width=\"400\" height=\"200\" src=\"https:\/\/catedraris3.webs.upv.es\/wp-content\/uploads\/2024\/09\/2023_XILegislatura_Logo_rojo_sinfondo_small_val.png\" class=\"wp-image-1104 style-539-image style-local-378-c41-image\" alt=\"\" srcset=\"https:\/\/catedraris3.webs.upv.es\/wp-content\/uploads\/2024\/09\/2023_XILegislatura_Logo_rojo_sinfondo_small_val.png 400w, https:\/\/catedraris3.webs.upv.es\/wp-content\/uploads\/2024\/09\/2023_XILegislatura_Logo_rojo_sinfondo_small_val-300x150.png 300w, https:\/\/catedraris3.webs.upv.es\/wp-content\/uploads\/2024\/09\/2023_XILegislatura_Logo_rojo_sinfondo_small_val-18x9.png 18w\" sizes=\"auto, (max-width: 400px) 100vw, 400px\" \/>\n                                <div class=\"h-image__frame h-hide-lg h-hide-md h-hide-sm style-539-frameImage style-local-378-c41-frameImage\"><\/div>\n                              <\/div>\n                            <\/div>\n                          <\/div>\n                        <\/div>\n                      <\/div>\n                    <\/div>\n                    <div class=\"h-column h-column-container d-flex h-col-lg-auto h-col-md-auto h-col-auto style-540-outer style-local-378-c42-outer\">\n                      <div data-colibri-id=\"378-c42\" class=\"d-flex h-flex-basis h-column__inner h-ui-empty-state-container h-px-lg-1 h-px-md-1 h-px-1 v-inner-lg-1 v-inner-md-1 v-inner-1 style-540 style-local-378-c42 position-relative\">\n                        <!---->\n                        <!---->\n                        <div class=\"w-100 h-y-container h-column__content h-column__v-align flex-basis-100\">\n                          <!---->\n                        <\/div>\n                      <\/div>\n                    <\/div>\n                  <\/div>\n                <\/div>\n              <\/div>\n            <\/div>\n          <\/div>\n        <\/div>\n      <\/div>\n    <\/div>\n  <\/div>\n<\/div>","protected":false},"excerpt":{"rendered":"<p>RECURSOS Links sobre especializaci\u00f3n inteligente KOHESIO: Directorio de Proyectos Europeos 2014 2020 Proyectos de la Agencia Estatal de Investigaci\u00f3n (AEI) con fondos FEDER Programa Operativo de la Comunidad Valenciana FEDER Estrategia de Especializaci\u00f3n Inteligente en Investigaci\u00f3n e Innovaci\u00f3n (RIS3) en la Generalitat Valenciana Plataforma de Especializaci\u00f3n Inteligente de la Uni\u00f3n Europea Contacto Pedro Marques p.marques@ingenio.upv.es [&hellip;]<\/p>\n","protected":false},"author":1,"featured_media":0,"parent":0,"menu_order":0,"comment_status":"closed","ping_status":"closed","template":"page-templates\/full-width-page.php","meta":{"footnotes":""},"class_list":["post-378","page","type-page","status-publish","hentry"],"_links":{"self":[{"href":"https:\/\/catedraris3.webs.upv.es\/en\/wp-json\/wp\/v2\/pages\/378","targetHints":{"allow":["GET"]}}],"collection":[{"href":"https:\/\/catedraris3.webs.upv.es\/en\/wp-json\/wp\/v2\/pages"}],"about":[{"href":"https:\/\/catedraris3.webs.upv.es\/en\/wp-json\/wp\/v2\/types\/page"}],"author":[{"embeddable":true,"href":"https:\/\/catedraris3.webs.upv.es\/en\/wp-json\/wp\/v2\/users\/1"}],"replies":[{"embeddable":true,"href":"https:\/\/catedraris3.webs.upv.es\/en\/wp-json\/wp\/v2\/comments?post=378"}],"version-history":[{"count":6,"href":"https:\/\/catedraris3.webs.upv.es\/en\/wp-json\/wp\/v2\/pages\/378\/revisions"}],"predecessor-version":[{"id":1144,"href":"https:\/\/catedraris3.webs.upv.es\/en\/wp-json\/wp\/v2\/pages\/378\/revisions\/1144"}],"wp:attachment":[{"href":"https:\/\/catedraris3.webs.upv.es\/en\/wp-json\/wp\/v2\/media?parent=378"}],"curies":[{"name":"wp","href":"https:\/\/api.w.org\/{rel}","templated":true}]}}