{"id":746,"date":"2024-07-08T11:02:07","date_gmt":"2024-07-08T11:02:07","guid":{"rendered":"https:\/\/catedraris3.webs.upv.es\/?page_id=746"},"modified":"2024-10-02T09:44:28","modified_gmt":"2024-10-02T09:44:28","slug":"anuncios","status":"publish","type":"page","link":"https:\/\/catedraris3.webs.upv.es\/en\/anuncios\/","title":{"rendered":"Announcements"},"content":{"rendered":"<div data-colibri-id=\"746-c1\" class=\"style-756 style-local-746-c1 position-relative\">\n  <!---->\n  <div data-colibri-component=\"section\" data-colibri-id=\"746-c14\" id=\"about-2\" class=\"h-section h-section-global-spacing d-flex align-items-lg-center align-items-md-center align-items-center style-926 style-local-746-c14 position-relative\">\n    <!---->\n    <!---->\n    <div class=\"h-section-grid-container h-section-boxed-container\">\n      <div data-colibri-id=\"746-c18\" class=\"h-row-container gutters-row-lg-2 gutters-row-md-2 gutters-row-2 gutters-row-v-lg-2 gutters-row-v-md-2 gutters-row-v-2 style-931 style-local-746-c18 position-relative\">\n        <!---->\n        <div class=\"h-row justify-content-lg-center justify-content-md-center justify-content-center align-items-lg-stretch align-items-md-stretch align-items-stretch gutters-col-lg-2 gutters-col-md-2 gutters-col-2 gutters-col-v-lg-2 gutters-col-v-md-2 gutters-col-v-2\">\n          <!---->\n          <div class=\"h-column h-column-container d-flex h-col-lg-auto h-col-md-auto h-col-auto style-932-outer style-local-746-c19-outer\">\n            <div data-colibri-id=\"746-c19\" class=\"d-flex h-flex-basis h-column__inner h-px-lg-2 h-px-md-2 h-px-2 v-inner-lg-2 v-inner-md-2 v-inner-2 style-932 style-local-746-c19 position-relative\">\n              <!---->\n              <!---->\n              <div class=\"w-100 h-y-container h-column__content h-column__v-align flex-basis-100 align-self-lg-start align-self-md-start align-self-start\">\n                <!---->\n                <div data-colibri-id=\"746-c21\" class=\"h-global-transition-all h-heading style-934 style-local-746-c21 position-relative h-element\">\n                  <!---->\n                  <div class=\"h-heading__outer style-934 style-local-746-c21\">\n                    <!---->\n                    <!---->\n                    <h3 class=\"\">Taller: Innovaci\u00f3n, esp\u00edritu empresarial e impacto regional de la ense\u00f1anza superior por Alessandra Faggian<\/h3>\n                  <\/div>\n                <\/div>\n                <div data-colibri-id=\"746-c22\" class=\"h-text h-text-component style-935 style-local-746-c22 position-relative h-element\">\n                  <!---->\n                  <!---->\n                  <div class=\"\">\n                    <p>El pr\u00f3ximo 3 de Octubre de 2024 de 9:00 a 17:30, tendr\u00e1 lugar el taller sobre Innovaci\u00f3n, esp\u00edritu empresarial e impacto regional de la ense\u00f1anza superior , cuya ponente principal es Alessandra Faggian,&nbsp;Catedr\u00e1tica de Econom\u00eda\n                      Aplicada, Directora de Ciencias Sociales y Vicerrectora de Investigaci\u00f3n del Instituto Cient\u00edfico Gran Sasso de L&#8217;Aquila (Italia).<\/p>\n                  <\/div>\n                <\/div>\n              <\/div>\n            <\/div>\n          <\/div>\n        <\/div>\n      <\/div>\n      <div data-colibri-id=\"746-c15\" class=\"h-row-container gutters-row-lg-0 gutters-row-md-0 gutters-row-0 gutters-row-v-lg-0 gutters-row-v-md-0 gutters-row-v-0 style-927 style-local-746-c15 h-overflow-hidden position-relative\">\n        <!---->\n        <div class=\"h-row justify-content-lg-center justify-content-md-center justify-content-center align-items-lg-end align-items-md-end align-items-end gutters-col-lg-0 gutters-col-md-0 gutters-col-0 gutters-col-v-lg-0 gutters-col-v-md-0 gutters-col-v-0\">\n          <!---->\n          <div class=\"h-column h-column-container d-flex h-col-lg-auto h-col-md-auto h-col-auto align-self-lg-end align-self-md-end align-self-end style-929-outer style-local-746-c16-outer\">\n            <div data-colibri-id=\"746-c16\" class=\"d-flex h-flex-basis h-column__inner h-ui-empty-state-container h-px-lg-0 h-px-md-0 h-px-0 v-inner-lg-0 v-inner-md-0 v-inner-0 style-929 style-local-746-c16 position-relative\">\n              <!---->\n              <!---->\n              <div class=\"w-100 h-y-container h-column__content h-column__v-align flex-basis-100\">\n                <!---->\n              <\/div>\n            <\/div>\n          <\/div>\n          <div class=\"h-column h-column-container d-flex h-col-lg-auto h-col-md-auto h-col-auto align-self-lg-end align-self-md-end align-self-end style-930-outer style-local-746-c17-outer\">\n            <div data-colibri-id=\"746-c17\" class=\"d-flex h-flex-basis h-column__inner h-ui-empty-state-container h-px-lg-0 h-px-md-0 h-px-0 v-inner-lg-0 v-inner-md-0 v-inner-0 style-930 style-local-746-c17 position-relative\">\n              <!---->\n              <!---->\n              <div class=\"w-100 h-y-container h-column__content h-column__v-align flex-basis-100\">\n                <!---->\n              <\/div>\n            <\/div>\n          <\/div>\n        <\/div>\n      <\/div>\n      <div data-colibri-id=\"746-c50\" class=\"h-row-container gutters-row-lg-2 gutters-row-md-2 gutters-row-0 gutters-row-v-lg-2 gutters-row-v-md-2 gutters-row-v-2 style-949 style-local-746-c50 position-relative\">\n        <!---->\n        <div class=\"h-row justify-content-lg-center justify-content-md-center justify-content-center align-items-lg-stretch align-items-md-stretch align-items-stretch gutters-col-lg-2 gutters-col-md-2 gutters-col-0 gutters-col-v-lg-2 gutters-col-v-md-2 gutters-col-v-2\">\n          <!---->\n          <div class=\"h-column h-column-container d-flex h-col-lg-auto h-col-md-auto h-col-auto style-950-outer style-local-746-c51-outer\">\n            <div data-colibri-id=\"746-c51\" class=\"d-flex h-flex-basis h-column__inner h-px-lg-2 h-px-md-2 h-px-2 v-inner-lg-2 v-inner-md-2 v-inner-2 style-950 style-local-746-c51 position-relative\">\n              <!---->\n              <!---->\n              <div class=\"w-100 h-y-container h-column__content h-column__v-align flex-basis-100 align-self-lg-start align-self-md-start align-self-start\">\n                <!---->\n                <div data-colibri-id=\"746-c52\" class=\"h-divider style-933 style-local-746-c52 position-relative h-element\">\n                  <!----><span class=\"h-divider__line style-933-line style-local-746-c52-line style-933-line style-local-746-c52-line\"><\/span> <span class=\"h-svg-icon h-divider__icon style-933-icon style-local-746-c52-icon\"><!--Icon by Font Awesome (https:\/\/fontawesome.com)-->\n    <svg version=\"1.1\" xmlns=\"http:\/\/www.w3.org\/2000\/svg\" xmlns:xlink=\"http:\/\/www.w3.org\/1999\/xlink\" id=\"circle-o\" viewBox=\"0 0 1536 1896.0833\">\n      <path d=\"M768 352q-148 0-273 73T297 623t-73 273 73 273 198 198 273 73 273-73 198-198 73-273-73-273-198-198-273-73zm768 544q0 209-103 385.5T1153.5 1561 768 1664t-385.5-103T103 1281.5 0 896t103-385.5T382.5 231 768 128t385.5 103T1433 510.5 1536 896z\"><\/path>\n    <\/svg><\/span> <span class=\"h-divider__line style-933-line style-local-746-c52-line style-933-line style-local-746-c52-line\"><\/span><\/div>\n              <\/div>\n            <\/div>\n          <\/div>\n        <\/div>\n      <\/div>\n      <div data-colibri-id=\"746-c47\" class=\"h-row-container gutters-row-lg-2 gutters-row-md-2 gutters-row-0 gutters-row-v-lg-2 gutters-row-v-md-2 gutters-row-v-2 style-946 style-local-746-c47 position-relative\">\n        <!---->\n        <div class=\"h-row justify-content-lg-center justify-content-md-center justify-content-center align-items-lg-stretch align-items-md-stretch align-items-stretch gutters-col-lg-2 gutters-col-md-2 gutters-col-0 gutters-col-v-lg-2 gutters-col-v-md-2 gutters-col-v-2\">\n          <!---->\n          <div class=\"h-column h-column-container d-flex h-col-lg-auto h-col-md-auto h-col-auto style-947-outer style-local-746-c48-outer\">\n            <div data-colibri-id=\"746-c48\" class=\"d-flex h-flex-basis h-column__inner h-px-lg-2 h-px-md-2 h-px-2 v-inner-lg-2 v-inner-md-2 v-inner-2 style-947 style-local-746-c48 position-relative\">\n              <!---->\n              <!---->\n              <div class=\"w-100 h-y-container h-column__content h-column__v-align flex-basis-100 align-self-lg-start align-self-md-start align-self-start\">\n                <!---->\n                <div data-colibri-id=\"746-c60\" class=\"d-block style-951 style-local-746-c60 position-relative h-element\">\n                  <!---->\n                  <div class=\"h-image__frame-container-outer\">\n                    <div class=\"h-image__frame-container\">\n                      <!---->\n                      <!---->\n                      <img loading=\"lazy\" decoding=\"async\" width=\"170\" height=\"170\" src=\"https:\/\/catedraris3.webs.upv.es\/wp-content\/uploads\/2024\/10\/edurne-magro.jpg\" class=\"wp-image-1210 style-951-image style-local-746-c60-image\" alt=\"\" srcset=\"https:\/\/catedraris3.webs.upv.es\/wp-content\/uploads\/2024\/10\/edurne-magro.jpg 170w, https:\/\/catedraris3.webs.upv.es\/wp-content\/uploads\/2024\/10\/edurne-magro-150x150.jpg 150w, https:\/\/catedraris3.webs.upv.es\/wp-content\/uploads\/2024\/10\/edurne-magro-12x12.jpg 12w\" sizes=\"auto, (max-width: 170px) 100vw, 170px\" \/>\n                      <div class=\"h-image__frame h-hide-lg h-hide-md h-hide-sm style-951-frameImage style-local-746-c60-frameImage\"><\/div>\n                    <\/div>\n                  <\/div>\n                <\/div>\n              <\/div>\n            <\/div>\n          <\/div>\n          <div class=\"h-column h-column-container d-flex h-col-lg-auto h-col-md-auto h-col-auto style-948-outer style-local-746-c49-outer\">\n            <div data-colibri-id=\"746-c49\" class=\"d-flex h-flex-basis h-column__inner h-px-lg-2 h-px-md-2 h-px-2 v-inner-lg-2 v-inner-md-2 v-inner-2 style-948 style-local-746-c49 position-relative\">\n              <!---->\n              <!---->\n              <div class=\"w-100 h-y-container h-column__content h-column__v-align flex-basis-100 align-self-lg-start align-self-md-start align-self-start\">\n                <!---->\n                <div data-colibri-id=\"746-c57\" class=\"h-text h-text-component style-952 style-local-746-c57 position-relative h-element\">\n                  <!---->\n                  <!---->\n                  <div class=\"\">\n                    <p>Edurne Magro, investigadora senior en Orkestra-Instituto Vasco de Competitividad, impartir\u00e1 un seminario en INGENIO (CSIC-UPV) el 24 de octubre de 2024. Edurne presentar\u00e1 su trabajo sobre las sinergias entre las pol\u00edticas de especializaci\u00f3n\n                      inteligente, los objetivos de desarrollo sostenible de las Naciones Unidas y las pol\u00edticas de misi\u00f3n.<\/p>\n                    <p>\n                      <br>\n                    <\/p>\n                  <\/div>\n                <\/div>\n              <\/div>\n            <\/div>\n          <\/div>\n        <\/div>\n      <\/div>\n      <div data-colibri-id=\"746-c55\" class=\"h-row-container gutters-row-lg-2 gutters-row-md-2 gutters-row-0 gutters-row-v-lg-2 gutters-row-v-md-2 gutters-row-v-2 style-953 style-local-746-c55 position-relative\">\n        <!---->\n        <div class=\"h-row justify-content-lg-center justify-content-md-center justify-content-center align-items-lg-stretch align-items-md-stretch align-items-stretch gutters-col-lg-2 gutters-col-md-2 gutters-col-0 gutters-col-v-lg-2 gutters-col-v-md-2 gutters-col-v-2\">\n          <!---->\n          <div class=\"h-column h-column-container d-flex h-col-lg-auto h-col-md-auto h-col-auto style-954-outer style-local-746-c56-outer\">\n            <div data-colibri-id=\"746-c56\" class=\"d-flex h-flex-basis h-column__inner h-ui-empty-state-container h-px-lg-2 h-px-md-2 h-px-2 v-inner-lg-2 v-inner-md-2 v-inner-2 style-954 style-local-746-c56 position-relative\">\n              <!---->\n              <!---->\n              <div class=\"w-100 h-y-container h-column__content h-column__v-align flex-basis-100\">\n                <!---->\n              <\/div>\n            <\/div>\n          <\/div>\n        <\/div>\n      <\/div>\n    <\/div>\n  <\/div>\n  <div data-colibri-component=\"section\" data-colibri-id=\"746-c23\" id=\"reusable-sections-2\" class=\"h-section h-section-global-spacing d-flex align-items-lg-center align-items-md-center align-items-center style-761 style-local-746-c23 position-relative\">\n    <!---->\n    <!---->\n    <div class=\"h-section-grid-container h-section-boxed-container\">\n      <!---->\n      <div data-colibri-id=\"746-c24\" class=\"h-row-container gutters-row-lg-2 gutters-row-md-2 gutters-row-0 gutters-row-v-lg-2 gutters-row-v-md-2 gutters-row-v-2 style-762 style-local-746-c24 position-relative\">\n        <!---->\n        <div class=\"h-row justify-content-lg-center justify-content-md-center justify-content-center align-items-lg-stretch align-items-md-stretch align-items-stretch gutters-col-lg-2 gutters-col-md-2 gutters-col-0 gutters-col-v-lg-2 gutters-col-v-md-2 gutters-col-v-2\">\n          <!---->\n          <div class=\"h-column h-column-container d-flex h-col-lg-auto h-col-md-auto h-col-auto style-763-outer style-local-746-c25-outer\">\n            <div data-colibri-id=\"746-c25\" class=\"d-flex h-flex-basis h-column__inner h-px-lg-2 h-px-md-2 h-px-2 v-inner-lg-2 v-inner-md-2 v-inner-2 style-763 style-local-746-c25 position-relative\">\n              <!---->\n              <!---->\n              <div class=\"w-100 h-y-container h-column__content h-column__v-align flex-basis-100 align-self-lg-start align-self-md-start align-self-start\">\n                <!---->\n                <div data-colibri-id=\"746-c26\" class=\"h-global-transition-all h-heading style-764 style-local-746-c26 position-relative h-element\">\n                  <!---->\n                  <div class=\"h-heading__outer style-764 style-local-746-c26\">\n                    <!---->\n                    <!---->\n                    <h4 class=\"\">Contacto<\/h4>\n                  <\/div>\n                <\/div>\n                <div data-colibri-id=\"746-c27\" class=\"h-text h-text-component style-765 style-local-746-c27 position-relative h-element\">\n                  <!---->\n                  <!---->\n                  <div class=\"\">\n                    <p>Pedro Marques<\/p>\n                  <\/div>\n                <\/div>\n                <div data-colibri-id=\"746-c28\" class=\"h-text h-text-component style-766 style-local-746-c28 position-relative h-element\">\n                  <!---->\n                  <!---->\n                  <div class=\"\">\n                    <p>p.marques@ingenio.upv.es<\/p>\n                  <\/div>\n                <\/div>\n                <div data-colibri-id=\"746-c29\" class=\"h-text h-text-component style-767 style-local-746-c29 position-relative h-element\">\n                  <!---->\n                  <!---->\n                  <div class=\"\">\n                    <p>INGENIO [CSIC-UPV]<\/p>\n                  <\/div>\n                <\/div>\n                <div data-colibri-id=\"746-c30\" class=\"h-text h-text-component style-768 style-local-746-c30 position-relative h-element\">\n                  <!---->\n                  <!---->\n                  <div class=\"\">\n                    <p>Edifici 8E, acc. J, 4\u00aa planta<\/p>\n                    <p>Ciutat Polit\u00e8cnica de la Innovaci\u00f3 (CPI)<\/p>\n                    <p>Universitat Polit\u00e8cnica de Val\u00e8ncia<\/p>\n                    <p>Cam\u00ed de Vera, s\/n<\/p>\n                    <p>46022 VAL\u00c8NCIA<\/p>\n                    <p>+34 963 877 048<\/p>\n                  <\/div>\n                <\/div>\n                <div data-colibri-id=\"746-c31\" class=\"h-row-container gutters-row-lg-1 gutters-row-md-1 gutters-row-0 gutters-row-v-lg-1 gutters-row-v-md-1 gutters-row-v-1 style-769 style-local-746-c31 position-relative\">\n                  <!---->\n                  <div class=\"h-row justify-content-lg-start justify-content-md-start justify-content-start align-items-lg-stretch align-items-md-stretch align-items-stretch gutters-col-lg-1 gutters-col-md-1 gutters-col-0 gutters-col-v-lg-1 gutters-col-v-md-1 gutters-col-v-1\">\n                    <!---->\n                    <div class=\"h-column h-column-container d-flex h-col-lg-auto h-col-md-auto h-col-auto style-770-outer style-local-746-c32-outer\">\n                      <div data-colibri-id=\"746-c32\" class=\"d-flex h-flex-basis h-column__inner h-px-lg-1 h-px-md-1 h-px-1 v-inner-lg-1 v-inner-md-1 v-inner-1 style-770 style-local-746-c32 position-relative\">\n                        <!---->\n                        <!---->\n                        <div class=\"w-100 h-y-container h-column__content h-column__v-align flex-basis-100 align-self-lg-start align-self-md-start align-self-start\">\n                          <!---->\n                          <div data-colibri-id=\"746-c33\" class=\"d-block style-771 style-local-746-c33 position-relative h-element\">\n                            <!---->\n                            <div class=\"h-image__frame-container-outer\">\n                              <div class=\"h-image__frame-container\">\n                                <!---->\n                                <!---->\n                                <img loading=\"lazy\" decoding=\"async\" width=\"1031\" height=\"333\" src=\"https:\/\/catedraris3.webs.upv.es\/wp-content\/uploads\/2024\/07\/ingenio.png\" class=\"wp-image-30 style-771-image style-local-746-c33-image\" alt=\"\" srcset=\"https:\/\/catedraris3.webs.upv.es\/wp-content\/uploads\/2024\/07\/ingenio.png 1031w, https:\/\/catedraris3.webs.upv.es\/wp-content\/uploads\/2024\/07\/ingenio-300x97.png 300w, https:\/\/catedraris3.webs.upv.es\/wp-content\/uploads\/2024\/07\/ingenio-1024x331.png 1024w, https:\/\/catedraris3.webs.upv.es\/wp-content\/uploads\/2024\/07\/ingenio-768x248.png 768w\" sizes=\"auto, (max-width: 1031px) 100vw, 1031px\" \/>\n                                <div class=\"h-image__frame h-hide-lg h-hide-md h-hide-sm style-771-frameImage style-local-746-c33-frameImage\"><\/div>\n                              <\/div>\n                            <\/div>\n                          <\/div>\n                        <\/div>\n                      <\/div>\n                    <\/div>\n                    <div class=\"h-column h-column-container d-flex h-col-lg-auto h-col-md-auto h-col-auto style-772-outer style-local-746-c34-outer\">\n                      <div data-colibri-id=\"746-c34\" class=\"d-flex h-flex-basis h-column__inner h-ui-empty-state-container h-px-lg-1 h-px-md-1 h-px-1 v-inner-lg-1 v-inner-md-1 v-inner-1 style-772 style-local-746-c34 position-relative\">\n                        <!---->\n                        <!---->\n                        <div class=\"w-100 h-y-container h-column__content h-column__v-align flex-basis-100\">\n                          <!---->\n                        <\/div>\n                      <\/div>\n                    <\/div>\n                  <\/div>\n                <\/div>\n              <\/div>\n            <\/div>\n          <\/div>\n          <div class=\"h-column h-column-container d-flex h-col-lg-auto h-col-md-auto h-col-auto style-773-outer style-local-746-c35-outer\">\n            <div data-colibri-id=\"746-c35\" class=\"d-flex h-flex-basis h-column__inner h-px-lg-2 h-px-md-2 h-px-2 v-inner-lg-2 v-inner-md-2 v-inner-2 style-773 style-local-746-c35 position-relative\">\n              <!---->\n              <!---->\n              <div class=\"w-100 h-y-container h-column__content h-column__v-align flex-basis-100 align-self-lg-start align-self-md-start align-self-start\">\n                <!---->\n                <div data-colibri-id=\"746-c36\" class=\"h-global-transition-all h-heading style-774 style-local-746-c36 position-relative h-element\">\n                  <!---->\n                  <div class=\"h-heading__outer style-774 style-local-746-c36\">\n                    <!---->\n                    <!---->\n                    <h4 class=\"\">C\u00e1tedra financiada por<\/h4>\n                  <\/div>\n                <\/div>\n                <div data-colibri-id=\"746-c37\" class=\"h-row-container gutters-row-lg-1 gutters-row-md-1 gutters-row-0 gutters-row-v-lg-1 gutters-row-v-md-1 gutters-row-v-1 style-775 style-local-746-c37 position-relative\">\n                  <!---->\n                  <div class=\"h-row justify-content-lg-start justify-content-md-start justify-content-start align-items-lg-stretch align-items-md-stretch align-items-stretch gutters-col-lg-1 gutters-col-md-1 gutters-col-0 gutters-col-v-lg-1 gutters-col-v-md-1 gutters-col-v-1\">\n                    <!---->\n                    <div class=\"h-column h-column-container d-flex h-col-lg-auto h-col-md-auto h-col-auto style-776-outer style-local-746-c38-outer\">\n                      <div data-colibri-id=\"746-c38\" class=\"d-flex h-flex-basis h-column__inner h-px-lg-1 h-px-md-1 h-px-1 v-inner-lg-1 v-inner-md-1 v-inner-1 style-776 style-local-746-c38 position-relative\">\n                        <!---->\n                        <!---->\n                        <div class=\"w-100 h-y-container h-column__content h-column__v-align flex-basis-100 align-self-lg-start align-self-md-start align-self-start\">\n                          <!---->\n                          <div data-colibri-id=\"746-c39\" class=\"d-block style-777 style-local-746-c39 position-relative h-element\">\n                            <!---->\n                            <div class=\"h-image__frame-container-outer\">\n                              <div class=\"h-image__frame-container\">\n                                <!---->\n                                <!---->\n                                <img loading=\"lazy\" decoding=\"async\" width=\"400\" height=\"200\" src=\"https:\/\/catedraris3.webs.upv.es\/wp-content\/uploads\/2024\/09\/2023_XILegislatura_Logo_rojo_sinfondo_small_val.png\" class=\"wp-image-1104 style-777-image style-local-746-c39-image\" alt=\"\" srcset=\"https:\/\/catedraris3.webs.upv.es\/wp-content\/uploads\/2024\/09\/2023_XILegislatura_Logo_rojo_sinfondo_small_val.png 400w, https:\/\/catedraris3.webs.upv.es\/wp-content\/uploads\/2024\/09\/2023_XILegislatura_Logo_rojo_sinfondo_small_val-300x150.png 300w, https:\/\/catedraris3.webs.upv.es\/wp-content\/uploads\/2024\/09\/2023_XILegislatura_Logo_rojo_sinfondo_small_val-18x9.png 18w\" sizes=\"auto, (max-width: 400px) 100vw, 400px\" \/>\n                                <div class=\"h-image__frame h-hide-lg h-hide-md h-hide-sm style-777-frameImage style-local-746-c39-frameImage\"><\/div>\n                              <\/div>\n                            <\/div>\n                          <\/div>\n                        <\/div>\n                      <\/div>\n                    <\/div>\n                    <div class=\"h-column h-column-container d-flex h-col-lg-auto h-col-md-auto h-col-auto style-778-outer style-local-746-c40-outer\">\n                      <div data-colibri-id=\"746-c40\" class=\"d-flex h-flex-basis h-column__inner h-ui-empty-state-container h-px-lg-1 h-px-md-1 h-px-1 v-inner-lg-1 v-inner-md-1 v-inner-1 style-778 style-local-746-c40 position-relative\">\n                        <!---->\n                        <!---->\n                        <div class=\"w-100 h-y-container h-column__content h-column__v-align flex-basis-100\">\n                          <!---->\n                        <\/div>\n                      <\/div>\n                    <\/div>\n                  <\/div>\n                <\/div>\n              <\/div>\n            <\/div>\n          <\/div>\n        <\/div>\n      <\/div>\n    <\/div>\n  <\/div>\n<\/div>","protected":false},"excerpt":{"rendered":"<p>Taller: Innovaci\u00f3n, esp\u00edritu empresarial e impacto regional de la ense\u00f1anza superior por Alessandra Faggian El pr\u00f3ximo 3 de Octubre de 2024 de 9:00 a 17:30, tendr\u00e1 lugar el taller sobre Innovaci\u00f3n, esp\u00edritu empresarial e impacto regional de la ense\u00f1anza superior , cuya ponente principal es Alessandra Faggian,&nbsp;Catedr\u00e1tica de Econom\u00eda Aplicada, Directora de Ciencias Sociales y [&hellip;]<\/p>\n","protected":false},"author":1,"featured_media":0,"parent":0,"menu_order":0,"comment_status":"closed","ping_status":"closed","template":"page-templates\/full-width-page.php","meta":{"footnotes":""},"class_list":["post-746","page","type-page","status-publish","hentry"],"_links":{"self":[{"href":"https:\/\/catedraris3.webs.upv.es\/en\/wp-json\/wp\/v2\/pages\/746","targetHints":{"allow":["GET"]}}],"collection":[{"href":"https:\/\/catedraris3.webs.upv.es\/en\/wp-json\/wp\/v2\/pages"}],"about":[{"href":"https:\/\/catedraris3.webs.upv.es\/en\/wp-json\/wp\/v2\/types\/page"}],"author":[{"embeddable":true,"href":"https:\/\/catedraris3.webs.upv.es\/en\/wp-json\/wp\/v2\/users\/1"}],"replies":[{"embeddable":true,"href":"https:\/\/catedraris3.webs.upv.es\/en\/wp-json\/wp\/v2\/comments?post=746"}],"version-history":[{"count":20,"href":"https:\/\/catedraris3.webs.upv.es\/en\/wp-json\/wp\/v2\/pages\/746\/revisions"}],"predecessor-version":[{"id":1219,"href":"https:\/\/catedraris3.webs.upv.es\/en\/wp-json\/wp\/v2\/pages\/746\/revisions\/1219"}],"wp:attachment":[{"href":"https:\/\/catedraris3.webs.upv.es\/en\/wp-json\/wp\/v2\/media?parent=746"}],"curies":[{"name":"wp","href":"https:\/\/api.w.org\/{rel}","templated":true}]}}